{"id":1346,"date":"2026-02-09T14:37:37","date_gmt":"2026-02-09T20:37:37","guid":{"rendered":"https:\/\/whiteseagullmx.com\/?page_id=1346"},"modified":"2026-04-15T14:34:03","modified_gmt":"2026-04-15T20:34:03","slug":"aviso-de-privacidad","status":"publish","type":"page","link":"https:\/\/whiteseagullmx.com\/en\/aviso-de-privacidad\/","title":{"rendered":"Privacy Notice"},"content":{"rendered":"<div data-elementor-type=\"wp-page\" data-elementor-id=\"1346\" class=\"elementor elementor-1346\" data-elementor-post-type=\"page\">\n\t\t\t\t<div class=\"elementor-element elementor-element-a737c13 e-con-full e-flex e-con e-child\" data-id=\"a737c13\" data-element_type=\"container\" data-settings=\"{&quot;background_background&quot;:&quot;classic&quot;}\">\n\t\t\t\t<div class=\"elementor-element elementor-element-02b086e elementor-widget-tablet__width-initial elementor-widget__width-initial elementor-widget-mobile__width-inherit elementor-widget elementor-widget-heading\" data-id=\"02b086e\" data-element_type=\"widget\" data-widget_type=\"heading.default\">\n\t\t\t\t\t<h1 class=\"elementor-heading-title elementor-size-default\">Privacy Notice<\/h1>\t\t\t\t<\/div>\n\t\t\t\t<\/div>\n\t\t<div class=\"elementor-element elementor-element-e578cd3 e-flex e-con-boxed e-con e-parent\" data-id=\"e578cd3\" data-element_type=\"container\" data-settings=\"{&quot;background_background&quot;:&quot;classic&quot;}\">\n\t\t\t\t\t<div class=\"e-con-inner\">\n\t\t\t\t<div class=\"elementor-element elementor-element-38f91bf elementor-widget elementor-widget-text-editor\" data-id=\"38f91bf\" data-element_type=\"widget\" data-widget_type=\"text-editor.default\">\n\t\t\t\t\t\t\t\t\t<p><span style=\"font-weight: 400;\">Le informamos que esta empresa <\/span><span style=\"font-weight: 400;\">Servicio Ejecutivo WhiteSeagull<\/span><span style=\"font-weight: 400;\"> es quien recaba sus datos personales, mismo al que puede referenciar cualquier clase de notificaci\u00f3n, por ser el responsable del tratamiento de los datos personales que le hayan sido proporcionados por sus titulares, para efectos de lo dispuesto en la Ley Federal de Protecci\u00f3n de Datos Personales en Posesi\u00f3n de los Particulares (la \u201cLFPDPPP\u201d) y dem\u00e1s legislaci\u00f3n aplicable, el presente Aviso de Privacidad (en lo sucesivo \u201cAviso\u201d) establece los t\u00e9rminos y condiciones en virtud de los cuales se conduce el tratamiento de los datos personales que recabe de sus titulares. El Titular expresamente se dice estar enterado del contenido y alcance legal del presente aviso, encontr\u00e1ndose conforme con los mismos por haber le\u00eddo, entendido y acordado los t\u00e9rminos expuestos en este Aviso, en consecuencia otorga su consentimiento respecto del tratamiento de sus datos personales. Para el supuesto caso que los dato<\/span><span style=\"font-weight: 400;\">s Servicio Ejecutivo WhiteSeagull<\/span><span style=\"font-weight: 400;\">, tiene prohibido divulgarlos, salvo autorizaci\u00f3n expresa y por escrito que tenga de su titular.\u00a0 <\/span><span style=\"font-weight: 400;\">Servicio Ejecutivo WhiteSeagull<\/span><span style=\"font-weight: 400;\">\u00a0 puede recolectar datos personales del Titular derivado de los servicios que brinda a estos, tambi\u00e9n puede obtener datos personales de manera indirecta a trav\u00e9s de fuentes de acceso p\u00fablico y de otras fuentes disponibles en el mercado. Para llevar a cabo las finalidades descritas en el presente Aviso, <\/span><span style=\"font-weight: 400;\">Servicio Ejecutivo WhiteSeagull<\/span><span style=\"font-weight: 400;\">\u00a0 tratar\u00e1 datos personales de identificaci\u00f3n, datos de contacto y datos patrimoniales y\/o financieros, mismos que se constituyen como datos sensibles relacionados con los servicios que comercializa, pudiendo revelar aspectos concernientes al estado y pr\u00e1cticas operacionales de sus titulares, sin que ello implique una violaci\u00f3n a la confidencialidad de datos, siempre y cuando estos sean utilizados para la promoci\u00f3n o prestaci\u00f3n de servicios que brinda <\/span><span style=\"font-weight: 400;\">Servicio Ejecutivo WhiteSeagull<\/span><span style=\"font-weight: 400;\">\u00a0 tratar\u00e1 los datos personales del Titular con la finalidad de dar cumplimiento a las obligaciones originadas y derivadas de cualquier relaci\u00f3n jur\u00eddica y comercial que establezca con motivo de la prestaci\u00f3n de sus servicios a sus Titulares, para facilitar la operaci\u00f3n y optimizaci\u00f3n de los servicios que a su vez prestan y\/o comercializan los Titulares a terceros. Sus datos personales est\u00e1n protegidos en todo momento y usted podr\u00e1 en cualquier tiempo ejercer sus derechos ARCO (acceso, rectificaci\u00f3n, cancelaci\u00f3n u oposici\u00f3n) respecto de sus datos personales presentando una solicitud en la que autorice expresamente y por escrito la divulgaci\u00f3n de sus datos, dicha solicitud podr\u00e1 ser enviada a:\u00a0 <\/span><span style=\"font-weight: 400;\">contacto@whiteseagullmx.com<\/span><span style=\"font-weight: 400;\"> la omisi\u00f3n de esta formalidad implica la manifestaci\u00f3n expresa de la no divulgaci\u00f3n sobre sus datos personales. En caso de que considere que de alg\u00fan modo hemos vulnerado su derecho a la protecci\u00f3n de sus datos personales, puede acudir al Instituto Nacional de Transparencia, Acceso a la Informaci\u00f3n y Protecci\u00f3n de Datos Personales (\u201cINAI\u201d).<\/span><span style=\"font-weight: 400;\"><br \/><\/span><span style=\"font-weight: 400;\"><br \/><\/span><span style=\"font-weight: 400;\">El presente aviso de privacidad puede sufrir modificaciones, cambios o actualizaciones derivadas de nuevos requerimientos legales; de nuestras propias necesidades o servicios que ofrecemos; de nuestras pr\u00e1cticas de privacidad; de cambios en nuestro modelo de negocio, o por otras causas, por lo que cualquier cambio ser\u00e1 consultable en nuestra p\u00e1gina de internet.<\/span><\/p>\t\t\t\t\t\t\t\t<\/div>\n\t\t\t\t\t<\/div>\n\t\t\t\t<\/div>\n\t\t\t\t<\/div>","protected":false},"excerpt":{"rendered":"<p>Aviso de privacidad Le informamos que esta empresa Servicio Ejecutivo WhiteSeagull es quien recaba sus datos personales, mismo al que puede referenciar cualquier clase de notificaci\u00f3n, por ser el responsable del tratamiento de los datos personales que le hayan sido proporcionados por sus titulares, para efectos de lo dispuesto en la Ley Federal de Protecci\u00f3n [&hellip;]<\/p>","protected":false},"author":1,"featured_media":0,"parent":0,"menu_order":0,"comment_status":"closed","ping_status":"closed","template":"","meta":{"_joinchat":[],"footnotes":""},"class_list":["post-1346","page","type-page","status-publish","hentry"],"_hostinger_reach_plugin_has_subscription_block":false,"_hostinger_reach_plugin_is_elementor":false,"_links":{"self":[{"href":"https:\/\/whiteseagullmx.com\/en\/wp-json\/wp\/v2\/pages\/1346","targetHints":{"allow":["GET"]}}],"collection":[{"href":"https:\/\/whiteseagullmx.com\/en\/wp-json\/wp\/v2\/pages"}],"about":[{"href":"https:\/\/whiteseagullmx.com\/en\/wp-json\/wp\/v2\/types\/page"}],"author":[{"embeddable":true,"href":"https:\/\/whiteseagullmx.com\/en\/wp-json\/wp\/v2\/users\/1"}],"replies":[{"embeddable":true,"href":"https:\/\/whiteseagullmx.com\/en\/wp-json\/wp\/v2\/comments?post=1346"}],"version-history":[{"count":4,"href":"https:\/\/whiteseagullmx.com\/en\/wp-json\/wp\/v2\/pages\/1346\/revisions"}],"predecessor-version":[{"id":1350,"href":"https:\/\/whiteseagullmx.com\/en\/wp-json\/wp\/v2\/pages\/1346\/revisions\/1350"}],"wp:attachment":[{"href":"https:\/\/whiteseagullmx.com\/en\/wp-json\/wp\/v2\/media?parent=1346"}],"curies":[{"name":"wp","href":"https:\/\/api.w.org\/{rel}","templated":true}]}}