{"id":939,"date":"2026-01-22T17:59:45","date_gmt":"2026-01-22T23:59:45","guid":{"rendered":"https:\/\/whiteseagullmx.com\/?page_id=939"},"modified":"2026-04-15T15:59:35","modified_gmt":"2026-04-15T21:59:35","slug":"contacto","status":"publish","type":"page","link":"https:\/\/whiteseagullmx.com\/en\/contacto\/","title":{"rendered":"Contact"},"content":{"rendered":"<div data-elementor-type=\"wp-page\" data-elementor-id=\"939\" class=\"elementor elementor-939\" data-elementor-post-type=\"page\">\n\t\t\t\t<div class=\"elementor-element elementor-element-74dd272 e-con-full e-flex e-con e-parent\" data-id=\"74dd272\" data-element_type=\"container\" data-settings=\"{&quot;background_background&quot;:&quot;gradient&quot;}\">\n\t\t<div class=\"elementor-element elementor-element-6b4b8c7 e-con-full e-flex e-con e-child\" data-id=\"6b4b8c7\" data-element_type=\"container\">\n\t\t\t\t<div class=\"elementor-element elementor-element-97a44ab elementor-widget-tablet__width-inherit elementor-widget__width-initial elementor-widget-mobile__width-inherit elementor-widget elementor-widget-heading\" data-id=\"97a44ab\" data-element_type=\"widget\" data-widget_type=\"heading.default\">\n\t\t\t\t\t<h1 class=\"elementor-heading-title elementor-size-default\">Contact us<\/h1>\t\t\t\t<\/div>\n\t\t\t\t<div class=\"elementor-element elementor-element-0d91645 email elementor-icon-list--layout-traditional elementor-list-item-link-full_width elementor-widget elementor-widget-icon-list\" data-id=\"0d91645\" data-element_type=\"widget\" data-widget_type=\"icon-list.default\">\n\t\t\t\t\t\t\t<ul class=\"elementor-icon-list-items\">\n\t\t\t\t\t\t\t<li class=\"elementor-icon-list-item\">\n\t\t\t\t\t\t\t\t\t\t\t<a href=\"tel:+525536447599\">\n\n\t\t\t\t\t\t\t\t\t\t\t\t<span class=\"elementor-icon-list-icon\">\n\t\t\t\t\t\t\t<svg xmlns=\"http:\/\/www.w3.org\/2000\/svg\" width=\"20\" height=\"20\" viewbox=\"0 0 20 20\" fill=\"none\"><path d=\"M17.1339 13.1202C16.6987 12.7636 16.2241 12.3767 15.7859 12.0231L15.7315 11.9778C15.2691 11.6031 14.6831 11.4152 14.089 11.451C13.495 11.4868 12.9358 11.7437 12.5217 12.1712L12.4824 12.2105C12.4001 12.2958 12.3016 12.3638 12.1927 12.4105C12.0838 12.4572 11.9666 12.4817 11.8481 12.4826C11.7296 12.4834 11.6121 12.4606 11.5026 12.4154C11.393 12.3703 11.2935 12.3037 11.21 12.2196L7.12376 8.13332C7.03916 8.04929 6.97229 7.94913 6.92713 7.83877C6.88196 7.72842 6.85942 7.61012 6.86083 7.49089C6.86224 7.37166 6.88757 7.25392 6.93533 7.14467C6.98309 7.03541 7.05231 6.93686 7.13887 6.85485L7.16607 6.82765C7.59559 6.41376 7.85436 5.85389 7.89129 5.25854C7.92822 4.6632 7.74063 4.07564 7.36555 3.61184C6.99984 3.16151 6.59786 2.66281 6.22309 2.20946C6.04025 1.98584 5.81005 1.80559 5.54911 1.68172C5.28816 1.55786 5.00298 1.49345 4.71413 1.49317C4.42527 1.49288 4.13996 1.55671 3.87877 1.68005C3.61758 1.8034 3.38702 1.98318 3.20373 2.20643L2.84709 2.63561C2.35043 3.2226 1.97808 3.9043 1.75261 4.63941C1.52714 5.37453 1.45324 6.14776 1.53538 6.91228C1.6352 7.89626 2.0807 8.81296 2.79269 9.49943C3.7882 10.8403 4.87052 12.1144 6.03268 13.3137C6.84268 14.1025 7.73428 14.8914 8.68935 15.659C9.30894 16.1608 9.74114 16.4751 9.8439 16.5506C10.5309 17.2624 11.4471 17.7087 12.4311 17.811C12.6397 17.8352 12.8496 17.8473 13.0597 17.8472C14.3955 17.8302 15.6843 17.3519 16.7077 16.4932L17.1339 16.1396C17.3577 15.9568 17.5381 15.7265 17.662 15.4654C17.7859 15.2043 17.8502 14.9189 17.8502 14.6299C17.8502 14.3409 17.7859 14.0555 17.662 13.7944C17.5381 13.5333 17.3577 13.303 17.1339 13.1202Z\" fill=\"#F5F5F5\"><\/path><\/svg>\t\t\t\t\t\t<\/span>\n\t\t\t\t\t\t\t\t\t\t<span class=\"elementor-icon-list-text\">+525536447599<\/span>\n\t\t\t\t\t\t\t\t\t\t\t<\/a>\n\t\t\t\t\t\t\t\t\t<\/li>\n\t\t\t\t\t\t\t\t<li class=\"elementor-icon-list-item\">\n\t\t\t\t\t\t\t\t\t\t\t<a href=\"mailto:contacto@whiteseagullmx.com\">\n\n\t\t\t\t\t\t\t\t\t\t\t\t<span class=\"elementor-icon-list-icon\">\n\t\t\t\t\t\t\t<svg xmlns=\"http:\/\/www.w3.org\/2000\/svg\" width=\"17\" height=\"12\" viewbox=\"0 0 17 12\" fill=\"none\"><path d=\"M1.38051 11.9623C0.0199696 11.9623 1.35843 10.5818 1.35843 10.5818L4.82717 6.76966C5.16454 6.39903 5.81558 5.83627 6.19622 6.14672C6.57681 6.4571 7.08511 7.08612 7.43911 7.44101L8.15646 8.15896C8.541 8.49933 8.83687 8.15896 8.83687 8.15896L9.57084 7.43589C9.92785 7.084 10.4392 6.47012 10.8204 6.18454C11.2016 5.89896 11.8499 6.44203 12.1863 6.81355L15.6348 10.6239C16.9959 11.9623 15.6569 11.9623 15.6569 11.9623H1.38051V11.9623ZM1.9693 8.82602C1.63194 9.19693 1.1391 9.84196 0.806011 10.2165C0.429928 10.6392 0 10.9602 0 10.2199L0.0163539 2.78288C0.0175776 2.28153 0.00367127 1.3255 0.346157 1.49705C0.473539 1.56091 0.647813 1.69368 0.884388 1.93059L3.69147 4.22725C4.07934 4.54465 4.62603 4.93308 4.80486 5.1918C4.91773 5.35489 4.96946 5.54457 4.80609 5.70855L1.9693 8.82602ZM9.53547 6.18387C9.14793 6.50183 8.72673 6.95295 8.51163 6.95356C8.29652 6.95384 7.86748 6.51306 7.47811 6.19717L1.37028 1.24262C0.980898 0.927055 0.310167 0.291423 0.64353 0.121043C0.884332 -0.0021115 1.30519 2.32839e-06 1.30519 2.32839e-06H15.6582C16.9503 2.32839e-06 16.2932 0.638081 16.2932 0.638081L9.53547 6.18387ZM16.1931 10.2165C15.8594 9.8423 15.3662 9.19693 15.0292 8.82602L12.194 5.70822C12.0298 5.54424 12.0812 5.35455 12.194 5.19146C12.3728 4.9328 12.9198 4.54459 13.308 4.22725L15.4132 2.50515C15.8011 2.18775 16.3111 1.6686 16.6533 1.49705C16.9956 1.3255 16.9807 2.28187 16.9819 2.78288L17.0001 10.2199C17.0003 10.9602 16.5697 10.6392 16.1931 10.2165Z\" fill=\"#F5F5F5\"><\/path><\/svg>\t\t\t\t\t\t<\/span>\n\t\t\t\t\t\t\t\t\t\t<span class=\"elementor-icon-list-text\">contacto@whiteseagullmx.com<\/span>\n\t\t\t\t\t\t\t\t\t\t\t<\/a>\n\t\t\t\t\t\t\t\t\t<\/li>\n\t\t\t\t\t\t\t\t<li class=\"elementor-icon-list-item\">\n\t\t\t\t\t\t\t\t\t\t\t<span class=\"elementor-icon-list-icon\">\n\t\t\t\t\t\t\t<svg aria-hidden=\"true\" class=\"e-font-icon-svg e-fas-map-marker-alt\" viewbox=\"0 0 384 512\" xmlns=\"http:\/\/www.w3.org\/2000\/svg\"><path d=\"M172.268 501.67C26.97 291.031 0 269.413 0 192 0 85.961 85.961 0 192 0s192 85.961 192 192c0 77.413-26.97 99.031-172.268 309.67-9.535 13.774-29.93 13.773-39.464 0zM192 272c44.183 0 80-35.817 80-80s-35.817-80-80-80-80 35.817-80 80 35.817 80 80 80z\"><\/path><\/svg>\t\t\t\t\t\t<\/span>\n\t\t\t\t\t\t\t\t\t\t<span class=\"elementor-icon-list-text\">Mexico City<\/span>\n\t\t\t\t\t\t\t\t\t<\/li>\n\t\t\t\t\t\t<\/ul>\n\t\t\t\t\t\t<\/div>\n\t\t\t\t<\/div>\n\t\t<div class=\"elementor-element elementor-element-49d50ab e-con-full e-flex e-con e-child\" data-id=\"49d50ab\" data-element_type=\"container\" data-settings=\"{&quot;background_background&quot;:&quot;classic&quot;}\">\n\t\t<div class=\"elementor-element elementor-element-a8ac485 e-con-full max-form e-flex e-con e-child\" data-id=\"a8ac485\" data-element_type=\"container\" data-settings=\"{&quot;background_background&quot;:&quot;classic&quot;}\">\n\t\t\t\t<div class=\"elementor-element elementor-element-82c338c elementor-widget elementor-widget-heading\" data-id=\"82c338c\" data-element_type=\"widget\" data-widget_type=\"heading.default\">\n\t\t\t\t\t<h3 class=\"elementor-heading-title elementor-size-default\">Share your details so we can get in touch with you.<\/h3>\t\t\t\t<\/div>\n\t\t\t\t<div class=\"elementor-element elementor-element-755095c elementor-button-align-stretch elementor-widget elementor-widget-form\" data-id=\"755095c\" data-element_type=\"widget\" data-settings=\"{&quot;button_width&quot;:&quot;50&quot;,&quot;step_next_label&quot;:&quot;Siguiente&quot;,&quot;step_previous_label&quot;:&quot;Anterior&quot;,&quot;step_type&quot;:&quot;number_text&quot;,&quot;step_icon_shape&quot;:&quot;circle&quot;}\" data-widget_type=\"form.default\">\n\t\t\t\t\t\t\t<form class=\"elementor-form\" method=\"post\" name=\"Contacto\" aria-label=\"Contact\" action=\"\">\n\t\t\t<input type=\"hidden\" name=\"post_id\" value=\"939\"\/>\n\t\t\t<input type=\"hidden\" name=\"form_id\" value=\"755095c\"\/>\n\t\t\t<input type=\"hidden\" name=\"referer_title\" value=\"\" \/>\n\n\t\t\t\n\t\t\t<div class=\"elementor-form-fields-wrapper elementor-labels-above\">\n\t\t\t\t\t\t\t\t<div class=\"elementor-field-type-text elementor-field-group elementor-column elementor-field-group-name elementor-col-100 elementor-field-required elementor-mark-required\">\n\t\t\t\t\t\t\t\t\t\t\t\t<label for=\"form-field-name\" class=\"elementor-field-label\">\n\t\t\t\t\t\t\t\tFull name\t\t\t\t\t\t\t<\/label>\n\t\t\t\t\t\t\t\t\t\t\t\t\t\t<input size=\"1\" type=\"text\" name=\"form_fields[name]\" id=\"form-field-name\" class=\"elementor-field elementor-size-sm  elementor-field-textual\" required=\"required\">\n\t\t\t\t\t\t\t\t\t\t\t<\/div>\n\t\t\t\t\t\t\t\t<div class=\"elementor-field-type-text elementor-field-group elementor-column elementor-field-group-field_f27e812 elementor-col-100 elementor-field-required elementor-mark-required\">\n\t\t\t\t\t\t\t\t\t\t\t\t<label for=\"form-field-field_f27e812\" class=\"elementor-field-label\">\n\t\t\t\t\t\t\t\tPhone number\t\t\t\t\t\t\t<\/label>\n\t\t\t\t\t\t\t\t\t\t\t\t\t\t<input size=\"1\" type=\"text\" name=\"form_fields[field_f27e812]\" id=\"form-field-field_f27e812\" class=\"elementor-field elementor-size-sm  elementor-field-textual\" required=\"required\">\n\t\t\t\t\t\t\t\t\t\t\t<\/div>\n\t\t\t\t\t\t\t\t<div class=\"elementor-field-type-email elementor-field-group elementor-column elementor-field-group-email elementor-col-100 elementor-field-required elementor-mark-required\">\n\t\t\t\t\t\t\t\t\t\t\t\t<label for=\"form-field-email\" class=\"elementor-field-label\">\n\t\t\t\t\t\t\t\tEmail\t\t\t\t\t\t\t<\/label>\n\t\t\t\t\t\t\t\t\t\t\t\t\t\t<input size=\"1\" type=\"email\" name=\"form_fields[email]\" id=\"form-field-email\" class=\"elementor-field elementor-size-sm  elementor-field-textual\" required=\"required\">\n\t\t\t\t\t\t\t\t\t\t\t<\/div>\n\t\t\t\t\t\t\t\t<div class=\"elementor-field-type-select elementor-field-group elementor-column elementor-field-group-field_533523d elementor-col-100 elementor-field-required elementor-mark-required\">\n\t\t\t\t\t\t\t\t\t\t\t\t<label for=\"form-field-field_533523d\" class=\"elementor-field-label\">\n\t\t\t\t\t\t\t\tService of interest\t\t\t\t\t\t\t<\/label>\n\t\t\t\t\t\t\t\t<div class=\"elementor-field elementor-select-wrapper remove-before\">\n\t\t\t<div class=\"select-caret-down-wrapper\">\n\t\t\t\t<svg aria-hidden=\"true\" class=\"e-font-icon-svg e-eicon-caret-down\" viewbox=\"0 0 571.4 571.4\" xmlns=\"http:\/\/www.w3.org\/2000\/svg\"><path d=\"M571 393Q571 407 561 418L311 668Q300 679 286 679T261 668L11 418Q0 407 0 393T11 368 36 357H536Q550 357 561 368T571 393Z\"><\/path><\/svg>\t\t\t<\/div>\n\t\t\t<select name=\"form_fields[field_533523d]\" id=\"form-field-field_533523d\" class=\"elementor-field-textual elementor-size-sm\" required=\"required\">\n\t\t\t\t\t\t\t\t\t<option value=\"Selecciona el servicio de inter\u00e9s\">Select the service of interest<\/option>\n\t\t\t\t\t\t\t\t\t<option value=\"Traslado punto a punto\">Point-to-point transfers<\/option>\n\t\t\t\t\t\t\t\t\t<option value=\"Por hora \">Hourly <\/option>\n\t\t\t\t\t\t\t\t\t<option value=\"Por d\u00eda\">Daily<\/option>\n\t\t\t\t\t\t\t\t\t<option value=\"De turismo y experiencias\">Tourism &amp; experiences<\/option>\n\t\t\t\t\t\t\t\t\t<option value=\"Con seguridad\">With security<\/option>\n\t\t\t\t\t\t\t\t\t<option value=\"Especializados para eventos y corporativos\">Specialized for events and corporate services<\/option>\n\t\t\t\t\t\t\t<\/select>\n\t\t<\/div>\n\t\t\t\t\t\t<\/div>\n\t\t\t\t\t\t\t\t<div class=\"elementor-field-type-select elementor-field-group elementor-column elementor-field-group-field_d3c4f65 elementor-col-100\">\n\t\t\t\t\t\t\t\t\t\t\t\t<label for=\"form-field-field_d3c4f65\" class=\"elementor-field-label\">\n\t\t\t\t\t\t\t\tFleet of interest\t\t\t\t\t\t\t<\/label>\n\t\t\t\t\t\t\t\t<div class=\"elementor-field elementor-select-wrapper remove-before\">\n\t\t\t<div class=\"select-caret-down-wrapper\">\n\t\t\t\t<svg aria-hidden=\"true\" class=\"e-font-icon-svg e-eicon-caret-down\" viewbox=\"0 0 571.4 571.4\" xmlns=\"http:\/\/www.w3.org\/2000\/svg\"><path d=\"M571 393Q571 407 561 418L311 668Q300 679 286 679T261 668L11 418Q0 407 0 393T11 368 36 357H536Q550 357 561 368T571 393Z\"><\/path><\/svg>\t\t\t<\/div>\n\t\t\t<select name=\"form_fields[field_d3c4f65]\" id=\"form-field-field_d3c4f65\" class=\"elementor-field-textual elementor-size-sm\">\n\t\t\t\t\t\t\t\t\t<option value=\"Seleciona la flota de inter\u00e9s\">Seleciona la flota de inter\u00e9s<\/option>\n\t\t\t\t\t\t\t\t\t<option value=\"SUV Luxury (Cadillac Escalade, Suburban High Country)\">SUV Luxury (Cadillac Escalade, Suburban High Country)<\/option>\n\t\t\t\t\t\t\t\t\t<option value=\"SUV Executive (Suburban Premium)\">SUV Executive (Suburban Premier)<\/option>\n\t\t\t\t\t\t\t\t\t<option value=\"Sedan ejecutivo de lujo (Toyota Camry, Audi A3)\">Luxury Executive Sedan (Toyota Camry, Audi A3)<\/option>\n\t\t\t\t\t\t\t<\/select>\n\t\t<\/div>\n\t\t\t\t\t\t<\/div>\n\t\t\t\t\t\t\t\t<div class=\"elementor-field-type-text elementor-field-group elementor-column elementor-field-group-field_7710c6c elementor-col-50\">\n\t\t\t\t\t\t\t\t\t\t\t\t<label for=\"form-field-field_7710c6c\" class=\"elementor-field-label\">\n\t\t\t\t\t\t\t\tDeparture point\t\t\t\t\t\t\t<\/label>\n\t\t\t\t\t\t\t\t\t\t\t\t\t\t<input size=\"1\" type=\"text\" name=\"form_fields[field_7710c6c]\" id=\"form-field-field_7710c6c\" class=\"elementor-field elementor-size-sm  elementor-field-textual\">\n\t\t\t\t\t\t\t\t\t\t\t<\/div>\n\t\t\t\t\t\t\t\t<div class=\"elementor-field-type-text elementor-field-group elementor-column elementor-field-group-field_945f12e elementor-col-50\">\n\t\t\t\t\t\t\t\t\t\t\t\t<label for=\"form-field-field_945f12e\" class=\"elementor-field-label\">\n\t\t\t\t\t\t\t\tDestination\t\t\t\t\t\t\t<\/label>\n\t\t\t\t\t\t\t\t\t\t\t\t\t\t<input size=\"1\" type=\"text\" name=\"form_fields[field_945f12e]\" id=\"form-field-field_945f12e\" class=\"elementor-field elementor-size-sm  elementor-field-textual\">\n\t\t\t\t\t\t\t\t\t\t\t<\/div>\n\t\t\t\t\t\t\t\t<div class=\"elementor-field-type-textarea elementor-field-group elementor-column elementor-field-group-message elementor-col-100\">\n\t\t\t\t\t\t\t\t\t\t\t\t<label for=\"form-field-message\" class=\"elementor-field-label\">\n\t\t\t\t\t\t\t\tHow can we help you?\t\t\t\t\t\t\t<\/label>\n\t\t\t\t\t\t<textarea class=\"elementor-field-textual elementor-field  elementor-size-sm\" name=\"form_fields[message]\" id=\"form-field-message\" rows=\"3\"><\/textarea>\t\t\t\t<\/div>\n\t\t\t\t\t\t\t\t<div class=\"elementor-field-group elementor-column elementor-field-type-submit elementor-col-50 e-form__buttons\">\n\t\t\t\t\t<button class=\"elementor-button elementor-size-xs\" type=\"submit\">\n\t\t\t\t\t\t<span class=\"elementor-button-content-wrapper\">\n\t\t\t\t\t\t\t\t\t\t\t\t\t\t\t\t\t\t\t\t\t\t<span class=\"elementor-button-text\">Submit<\/span>\n\t\t\t\t\t\t\t\t\t\t\t\t\t<\/span>\n\t\t\t\t\t<\/button>\n\t\t\t\t<\/div>\n\t\t\t<\/div>\n\t\t<input type=\"hidden\" name=\"trp-form-language\" value=\"en\"\/><\/form>\n\t\t\t\t\t\t<\/div>\n\t\t\t\t<\/div>\n\t\t\t\t<\/div>\n\t\t<div class=\"elementor-element elementor-element-5729fcf e-con-full e-flex e-con e-child\" data-id=\"5729fcf\" data-element_type=\"container\">\n\t\t\t\t<div class=\"elementor-element elementor-element-2e5b85a elementor-hidden-mobile elementor-widget elementor-widget-image\" data-id=\"2e5b85a\" data-element_type=\"widget\" data-widget_type=\"image.default\">\n\t\t\t\t\t\t\t\t\t\t\t\t\t\t\t<img fetchpriority=\"high\" decoding=\"async\" width=\"2307\" height=\"440\" src=\"https:\/\/whiteseagullmx.com\/wp-content\/uploads\/2026\/01\/WHITESEAGULL-mas-que-transporte-1.webp\" class=\"attachment-full size-full wp-image-694\" alt=\"\" srcset=\"https:\/\/whiteseagullmx.com\/wp-content\/uploads\/2026\/01\/WHITESEAGULL-mas-que-transporte-1.webp 2307w, https:\/\/whiteseagullmx.com\/wp-content\/uploads\/2026\/01\/WHITESEAGULL-mas-que-transporte-1-300x57.webp 300w, https:\/\/whiteseagullmx.com\/wp-content\/uploads\/2026\/01\/WHITESEAGULL-mas-que-transporte-1-1024x195.webp 1024w, https:\/\/whiteseagullmx.com\/wp-content\/uploads\/2026\/01\/WHITESEAGULL-mas-que-transporte-1-768x146.webp 768w, https:\/\/whiteseagullmx.com\/wp-content\/uploads\/2026\/01\/WHITESEAGULL-mas-que-transporte-1-1536x293.webp 1536w, https:\/\/whiteseagullmx.com\/wp-content\/uploads\/2026\/01\/WHITESEAGULL-mas-que-transporte-1-2048x391.webp 2048w\" sizes=\"(max-width: 2307px) 100vw, 2307px\" \/>\t\t\t\t\t\t\t\t\t\t\t\t\t\t\t<\/div>\n\t\t\t\t<div class=\"elementor-element elementor-element-b448b9c elementor-hidden-desktop elementor-hidden-tablet elementor-widget elementor-widget-image\" data-id=\"b448b9c\" data-element_type=\"widget\" data-widget_type=\"image.default\">\n\t\t\t\t\t\t\t\t\t\t\t\t\t\t\t<img decoding=\"async\" width=\"660\" height=\"126\" src=\"https:\/\/whiteseagullmx.com\/wp-content\/uploads\/2026\/01\/WHITESEAGULL-mas-que-transporte-1-movil.webp\" class=\"attachment-full size-full wp-image-1156\" alt=\"\" srcset=\"https:\/\/whiteseagullmx.com\/wp-content\/uploads\/2026\/01\/WHITESEAGULL-mas-que-transporte-1-movil.webp 660w, https:\/\/whiteseagullmx.com\/wp-content\/uploads\/2026\/01\/WHITESEAGULL-mas-que-transporte-1-movil-300x57.webp 300w\" sizes=\"(max-width: 660px) 100vw, 660px\" \/>\t\t\t\t\t\t\t\t\t\t\t\t\t\t\t<\/div>\n\t\t\t\t<\/div>\n\t\t\t\t<\/div>\n\t\t\t\t<\/div>","protected":false},"excerpt":{"rendered":"<p>Cont\u00e1ctanos +525536447599 contacto@whiteseagullmx.com Ciudad de M\u00e9xico Comp\u00e1rtenos tus datos para comunicarnos contigo.<\/p>","protected":false},"author":1,"featured_media":0,"parent":0,"menu_order":0,"comment_status":"closed","ping_status":"closed","template":"","meta":{"_joinchat":[],"footnotes":""},"class_list":["post-939","page","type-page","status-publish","hentry"],"_hostinger_reach_plugin_has_subscription_block":false,"_hostinger_reach_plugin_is_elementor":false,"_links":{"self":[{"href":"https:\/\/whiteseagullmx.com\/en\/wp-json\/wp\/v2\/pages\/939","targetHints":{"allow":["GET"]}}],"collection":[{"href":"https:\/\/whiteseagullmx.com\/en\/wp-json\/wp\/v2\/pages"}],"about":[{"href":"https:\/\/whiteseagullmx.com\/en\/wp-json\/wp\/v2\/types\/page"}],"author":[{"embeddable":true,"href":"https:\/\/whiteseagullmx.com\/en\/wp-json\/wp\/v2\/users\/1"}],"replies":[{"embeddable":true,"href":"https:\/\/whiteseagullmx.com\/en\/wp-json\/wp\/v2\/comments?post=939"}],"version-history":[{"count":13,"href":"https:\/\/whiteseagullmx.com\/en\/wp-json\/wp\/v2\/pages\/939\/revisions"}],"predecessor-version":[{"id":1341,"href":"https:\/\/whiteseagullmx.com\/en\/wp-json\/wp\/v2\/pages\/939\/revisions\/1341"}],"wp:attachment":[{"href":"https:\/\/whiteseagullmx.com\/en\/wp-json\/wp\/v2\/media?parent=939"}],"curies":[{"name":"wp","href":"https:\/\/api.w.org\/{rel}","templated":true}]}}